{"id":4470,"date":"2022-04-21T16:21:49","date_gmt":"2022-04-21T16:21:49","guid":{"rendered":"https:\/\/pensiunea.dacica.ro\/castele-si-conace\/"},"modified":"2023-03-19T11:53:40","modified_gmt":"2023-03-19T11:53:40","slug":"castles-and-manors","status":"publish","type":"page","link":"https:\/\/pensiunea.dacica.ro\/en\/surroundings\/castles-and-manors\/","title":{"rendered":"Castles and manors"},"content":{"rendered":"[vc_row type=&#8221;full_width_background&#8221; full_screen_row_position=&#8221;middle&#8221; column_margin=&#8221;default&#8221; bg_color=&#8221;#f4f4f4&#8243; scene_position=&#8221;center&#8221; text_color=&#8221;dark&#8221; text_align=&#8221;left&#8221; overlay_strength=&#8221;0.3&#8243; shape_divider_position=&#8221;bottom&#8221; bg_image_animation=&#8221;none&#8221; shape_type=&#8221;&#8221;][vc_column column_padding=&#8221;no-extra-padding&#8221; column_padding_position=&#8221;all&#8221; background_color_opacity=&#8221;1&#8243; background_hover_color_opacity=&#8221;1&#8243; column_link_target=&#8221;_self&#8221; column_shadow=&#8221;none&#8221; column_border_radius=&#8221;none&#8221; width=&#8221;1\/1&#8243; tablet_width_inherit=&#8221;default&#8221; tablet_text_alignment=&#8221;default&#8221; phone_text_alignment=&#8221;default&#8221; overlay_strength=&#8221;0.3&#8243; column_border_width=&#8221;none&#8221; column_border_style=&#8221;solid&#8221; bg_image_animation=&#8221;none&#8221;][vc_custom_heading text=&#8221;Castles and manors&#8221; font_container=&#8221;tag:h2|text_align:center|color:%23375c00&#8243; use_theme_fonts=&#8221;yes&#8221; css=&#8221;.vc_custom_1679226680380{padding-top: 5px !important;}&#8221;][\/vc_column][\/vc_row][vc_row type=&#8221;in_container&#8221; full_screen_row_position=&#8221;middle&#8221; column_margin=&#8221;default&#8221; scene_position=&#8221;center&#8221; text_color=&#8221;dark&#8221; text_align=&#8221;left&#8221; overlay_strength=&#8221;0.3&#8243; shape_divider_position=&#8221;bottom&#8221; bg_image_animation=&#8221;none&#8221; shape_type=&#8221;&#8221;][vc_column column_padding=&#8221;no-extra-padding&#8221; column_padding_position=&#8221;all&#8221; background_color_opacity=&#8221;1&#8243; background_hover_color_opacity=&#8221;1&#8243; column_link_target=&#8221;_self&#8221; column_shadow=&#8221;none&#8221; column_border_radius=&#8221;none&#8221; width=&#8221;1\/1&#8243; tablet_width_inherit=&#8221;default&#8221; tablet_text_alignment=&#8221;default&#8221; phone_text_alignment=&#8221;default&#8221; overlay_strength=&#8221;0.3&#8243; column_border_width=&#8221;none&#8221; column_border_style=&#8221;solid&#8221; bg_image_animation=&#8221;none&#8221;][divider line_type=&#8221;No Line&#8221; custom_height=&#8221;70&#8243;][vc_row_inner column_margin=&#8221;default&#8221; text_align=&#8221;left&#8221; class=&#8221;reverse-on-mobile&#8221;][vc_column_inner column_padding=&#8221;no-extra-padding&#8221; column_padding_position=&#8221;all&#8221; background_color_opacity=&#8221;1&#8243; background_hover_color_opacity=&#8221;1&#8243; column_shadow=&#8221;none&#8221; column_border_radius=&#8221;none&#8221; column_link_target=&#8221;_self&#8221; el_class=&#8221;remove-padding&#8221; width=&#8221;1\/2&#8243; tablet_width_inherit=&#8221;default&#8221; overlay_strength=&#8221;0.3&#8243; column_border_width=&#8221;none&#8221; column_border_style=&#8221;solid&#8221; bg_image_animation=&#8221;none&#8221;][vc_custom_heading text=&#8221;The Corvins\u2019 Castle, Hunedoara&#8221; font_container=&#8221;tag:h2|text_align:center|color:%23ffffff&#8221; use_theme_fonts=&#8221;yes&#8221; css=&#8221;.vc_custom_1679226700372{margin-bottom: 0px !important;background-color: #375c00 !important;}&#8221;][vc_column_text css=&#8221;.vc_custom_1679226718680{padding-top: 0px !important;padding-right: 30px !important;}&#8221; el_class=&#8221;text-with-scroll&#8221;]The Corvins\u2019 Castle, also known as the Hunyadis\u2019 Castle, is located in the municipality of Hunedoara, and was built in the 14th century, on the location of an old stronghold, on a hillock at the foot of which flows the Zlasti brook. The castle of Hunedoara is an imposing building, one of the largest and most famous properties of Iancu de Hunedoara. The various owners of the castle altered its looks, enriching it with towers, official halls and rooms, where Gothic, neo-Gothic Renaissance and Baroque elements are intermingled. The castle occupies a surface of 7000 square meters, and includes 42 rooms, two terraces and two bridges. The gallery and the donjon \u2013 the last defense tower, which are unchanged since the times of Iancu de Hunedoara, as well as the Capistrano tower (by the name of a monk) represent some of the most significant parts of the construction. It is also worth mentioning the Knights\u2019 Hall (a large reception room), the Maces Tower and the White Bastion that was used as food storehouse, the Diet Hall with medallions painted on the walls. In the wing of the castle called Matia, one can vaguely distinguish a painting hinting at the legend of the raven whence it is said that the descendants of Iancu de Hunedoara get their name (Corvins). The castle was restored and turned into a museum.[\/vc_column_text][\/vc_column_inner][vc_column_inner column_padding=&#8221;no-extra-padding&#8221; column_padding_position=&#8221;all&#8221; background_color_opacity=&#8221;1&#8243; background_hover_color_opacity=&#8221;1&#8243; column_shadow=&#8221;none&#8221; column_border_radius=&#8221;none&#8221; column_link_target=&#8221;_self&#8221; el_class=&#8221;remove-padding extra-margine-mobile&#8221; width=&#8221;1\/2&#8243; tablet_width_inherit=&#8221;default&#8221; overlay_strength=&#8221;0.3&#8243; column_border_width=&#8221;none&#8221; column_border_style=&#8221;solid&#8221; bg_image_animation=&#8221;none&#8221;][vc_gallery type=&#8221;nectarslider_style&#8221; images=&#8221;1234,1235,1236,1237,1238,1239,1240,1241,1242&#8243; image_loading=&#8221;default&#8221; disable_auto_rotate=&#8221;true&#8221; hide_arrow_navigation=&#8221;true&#8221; bullet_navigation=&#8221;true&#8221; bullet_navigation_style=&#8221;see_through&#8221; onclick=&#8221;link_no&#8221;][\/vc_column_inner][\/vc_row_inner][divider line_type=&#8221;No Line&#8221; custom_height=&#8221;20&#8243;][divider line_type=&#8221;Full Width Line&#8221; line_thickness=&#8221;1&#8243; divider_color=&#8221;default&#8221; custom_height=&#8221;1&#8243;][divider line_type=&#8221;No Line&#8221; custom_height=&#8221;20&#8243;][vc_row_inner column_margin=&#8221;default&#8221; text_align=&#8221;left&#8221;][vc_column_inner column_padding=&#8221;no-extra-padding&#8221; column_padding_position=&#8221;all&#8221; background_color_opacity=&#8221;1&#8243; background_hover_color_opacity=&#8221;1&#8243; column_shadow=&#8221;none&#8221; column_border_radius=&#8221;none&#8221; column_link_target=&#8221;_self&#8221; el_class=&#8221;remove-padding&#8221; width=&#8221;1\/2&#8243; tablet_width_inherit=&#8221;default&#8221; overlay_strength=&#8221;0.3&#8243; column_border_width=&#8221;none&#8221; column_border_style=&#8221;solid&#8221; bg_image_animation=&#8221;none&#8221;][vc_gallery type=&#8221;nectarslider_style&#8221; images=&#8221;1243,1244,1245,1246,1247,1248&#8243; image_loading=&#8221;default&#8221; disable_auto_rotate=&#8221;true&#8221; hide_arrow_navigation=&#8221;true&#8221; bullet_navigation=&#8221;true&#8221; bullet_navigation_style=&#8221;see_through&#8221; onclick=&#8221;link_no&#8221;][\/vc_column_inner][vc_column_inner column_padding=&#8221;no-extra-padding&#8221; column_padding_position=&#8221;all&#8221; background_color_opacity=&#8221;1&#8243; background_hover_color_opacity=&#8221;1&#8243; column_shadow=&#8221;none&#8221; column_border_radius=&#8221;none&#8221; column_link_target=&#8221;_self&#8221; el_class=&#8221;remove-padding&#8221; width=&#8221;1\/2&#8243; tablet_width_inherit=&#8221;default&#8221; overlay_strength=&#8221;0.3&#8243; column_border_width=&#8221;none&#8221; column_border_style=&#8221;solid&#8221; bg_image_animation=&#8221;none&#8221;][vc_custom_heading text=&#8221;Kendeffy Castle, S\u00e2nt\u0103m\u0103rie Orlea&#8221; font_container=&#8221;tag:h2|text_align:center|color:%23ffffff&#8221; use_theme_fonts=&#8221;yes&#8221; css=&#8221;.vc_custom_1679226740195{margin-bottom: 0px !important;padding-top: 0px !important;background-color: #375c00 !important;}&#8221;][vc_column_text css=&#8221;.vc_custom_1679226753389{padding-top: 0px !important;padding-left: 30px !important;}&#8221; el_class=&#8221;text-with-scroll&#8221;]The castle was built in 1702 in a Baroque style, and it belonged to the Kendeffy family. The building has an almost rectangular shape and it consists of three units, drawing attention particularly by its monumental tower. The castle has a predominantly Neo-Gothic aspect, due to the following architectural elements: the tower, the crenellated banister, phials, the acute angled bow window, the small balcony, but also due to the asymmetrical structure. As fashionable in the 19th century, \u00c1rp\u00e1d Kendeffy wanted to have an English park around the castle, aware of the fact that the park and the castle make an organic unity. In front of the castle was placed a terrace with Gothic-like flowerbeds, decorated with large vessels. Kendeffy castle, with its diverse volumetry, reminds us the aspect of mediaeval French cities. The castle is private property.[\/vc_column_text][\/vc_column_inner][\/vc_row_inner][divider line_type=&#8221;No Line&#8221; custom_height=&#8221;40&#8243;][divider line_type=&#8221;Full Width Line&#8221; line_thickness=&#8221;1&#8243; divider_color=&#8221;default&#8221; custom_height=&#8221;1&#8243;][divider line_type=&#8221;No Line&#8221; custom_height=&#8221;40&#8243;][vc_row_inner column_margin=&#8221;default&#8221; text_align=&#8221;left&#8221; class=&#8221;reverse-on-mobile&#8221;][vc_column_inner column_padding=&#8221;no-extra-padding&#8221; column_padding_position=&#8221;all&#8221; background_color_opacity=&#8221;1&#8243; background_hover_color_opacity=&#8221;1&#8243; column_shadow=&#8221;none&#8221; column_border_radius=&#8221;none&#8221; column_link_target=&#8221;_self&#8221; el_class=&#8221;remove-padding&#8221; width=&#8221;1\/2&#8243; tablet_width_inherit=&#8221;default&#8221; overlay_strength=&#8221;0.3&#8243; column_border_width=&#8221;none&#8221; column_border_style=&#8221;solid&#8221; bg_image_animation=&#8221;none&#8221;][vc_custom_heading text=&#8221;The nobiliary court of the C\u00e2ndescus, R\u00e2u de Mori&#8221; font_container=&#8221;tag:h2|text_align:center|color:%23ffffff&#8221; use_theme_fonts=&#8221;yes&#8221; css=&#8221;.vc_custom_1679226771042{margin-bottom: 0px !important;background-color: #375c00 !important;}&#8221;][vc_column_text css=&#8221;.vc_custom_1679226784931{padding-top: 0px !important;padding-right: 30px !important;}&#8221; el_class=&#8221;text-with-scroll&#8221;]\n<p dir=\"auto\" style=\"text-align: left;\">It lies in the center of R\u00e2u de Mori, Hunedoara County. The court was built in the 16th century on the ruins of old Roman edifices and it belonged to the C\u00e2ndea family.\u00a0The monument is made of a group of constructions including a residential building, the court chapel, the stable, dependencies, the mill and the church. Being \u201cL\u201d-shaped, the first floor of the building is sunk into the ground. Although included in the National Program of Restoration, after a few urgent repairs on the buildings that are still sanding, the works were abandoned.<\/p>\n[\/vc_column_text][\/vc_column_inner][vc_column_inner column_padding=&#8221;no-extra-padding&#8221; column_padding_position=&#8221;all&#8221; background_color_opacity=&#8221;1&#8243; background_hover_color_opacity=&#8221;1&#8243; column_shadow=&#8221;none&#8221; column_border_radius=&#8221;none&#8221; column_link_target=&#8221;_self&#8221; el_class=&#8221;remove-padding extra-margine-mobile&#8221; width=&#8221;1\/2&#8243; tablet_width_inherit=&#8221;default&#8221; overlay_strength=&#8221;0.3&#8243; column_border_width=&#8221;none&#8221; column_border_style=&#8221;solid&#8221; bg_image_animation=&#8221;none&#8221;][vc_gallery type=&#8221;nectarslider_style&#8221; images=&#8221;1249,1250&#8243; image_loading=&#8221;default&#8221; disable_auto_rotate=&#8221;true&#8221; hide_arrow_navigation=&#8221;true&#8221; bullet_navigation=&#8221;true&#8221; bullet_navigation_style=&#8221;see_through&#8221; onclick=&#8221;link_no&#8221;][\/vc_column_inner][\/vc_row_inner][divider line_type=&#8221;No Line&#8221; custom_height=&#8221;40&#8243;][divider line_type=&#8221;Full Width Line&#8221; line_thickness=&#8221;1&#8243; divider_color=&#8221;default&#8221; custom_height=&#8221;1&#8243;][divider line_type=&#8221;No Line&#8221; custom_height=&#8221;40&#8243;][vc_row_inner column_margin=&#8221;default&#8221; text_align=&#8221;left&#8221;][vc_column_inner column_padding=&#8221;no-extra-padding&#8221; column_padding_position=&#8221;all&#8221; background_color_opacity=&#8221;1&#8243; background_hover_color_opacity=&#8221;1&#8243; column_shadow=&#8221;none&#8221; column_border_radius=&#8221;none&#8221; column_link_target=&#8221;_self&#8221; el_class=&#8221;remove-padding&#8221; width=&#8221;1\/2&#8243; tablet_width_inherit=&#8221;default&#8221; overlay_strength=&#8221;0.3&#8243; column_border_width=&#8221;none&#8221; column_border_style=&#8221;solid&#8221; bg_image_animation=&#8221;none&#8221;][vc_gallery type=&#8221;nectarslider_style&#8221; images=&#8221;1251&#8243; image_loading=&#8221;default&#8221; disable_auto_rotate=&#8221;true&#8221; hide_arrow_navigation=&#8221;true&#8221; bullet_navigation=&#8221;true&#8221; bullet_navigation_style=&#8221;see_through&#8221; onclick=&#8221;link_no&#8221;][\/vc_column_inner][vc_column_inner column_padding=&#8221;no-extra-padding&#8221; column_padding_position=&#8221;all&#8221; background_color_opacity=&#8221;1&#8243; background_hover_color_opacity=&#8221;1&#8243; column_shadow=&#8221;none&#8221; column_border_radius=&#8221;none&#8221; column_link_target=&#8221;_self&#8221; el_class=&#8221;remove-padding&#8221; width=&#8221;1\/2&#8243; tablet_width_inherit=&#8221;default&#8221; overlay_strength=&#8221;0.3&#8243; column_border_width=&#8221;none&#8221; column_border_style=&#8221;solid&#8221; bg_image_animation=&#8221;none&#8221;][vc_custom_heading text=&#8221;The nobiliary court of S\u0103la\u0219u de Sus&#8221; font_container=&#8221;tag:h2|text_align:center|color:%23ffffff&#8221; use_theme_fonts=&#8221;yes&#8221; css=&#8221;.vc_custom_1679226802110{margin-bottom: 0px !important;background-color: #375c00 !important;}&#8221;][vc_column_text css=&#8221;.vc_custom_1679226813790{padding-top: 0px !important;padding-left: 30px !important;}&#8221; el_class=&#8221;text-with-scroll&#8221;]It was built in the late Middle Ages, being the second residence of the noble from the M\u0103l\u0103ie\u0219ti fortress. Being used in times of peace, the rooms built around a patio were larger than those of the fortifications and they had wide windows with round glass, manually worked. The windows also had brick vaults above, of which only some remnants have been preserved till today. It seems that on the place where the nobiliary court was erected there had already been a fortified tower protecting the road to the village, and which was integrated into the construction. It had thick walls and narrow windows and the entrance was above the ground level, so that the door was reached through a wooden ladder. The wholes in the wall were the wooden platform was attached are still visible[\/vc_column_text][\/vc_column_inner][\/vc_row_inner][divider line_type=&#8221;No Line&#8221; custom_height=&#8221;20&#8243;][\/vc_column][\/vc_row]\n","protected":false},"excerpt":{"rendered":"<p>[vc_row type=&#8221;full_width_background&#8221; full_screen_row_position=&#8221;middle&#8221; column_margin=&#8221;default&#8221; bg_color=&#8221;#f4f4f4&#8243; scene_position=&#8221;center&#8221; text_color=&#8221;dark&#8221; text_align=&#8221;left&#8221; overlay_strength=&#8221;0.3&#8243; shape_divider_position=&#8221;bottom&#8221; bg_image_animation=&#8221;none&#8221; shape_type=&#8221;&#8221;][vc_column column_padding=&#8221;no-extra-padding&#8221; column_padding_position=&#8221;all&#8221; background_color_opacity=&#8221;1&#8243; background_hover_color_opacity=&#8221;1&#8243; column_link_target=&#8221;_self&#8221; column_shadow=&#8221;none&#8221; column_border_radius=&#8221;none&#8221; width=&#8221;1\/1&#8243; tablet_width_inherit=&#8221;default&#8221; tablet_text_alignment=&#8221;default&#8221; phone_text_alignment=&#8221;default&#8221; overlay_strength=&#8221;0.3&#8243; column_border_width=&#8221;none&#8221; column_border_style=&#8221;solid&#8221; bg_image_animation=&#8221;none&#8221;][vc_custom_heading text=&#8221;Castles and manors&#8221;&#8230;<\/p>\n","protected":false},"author":1,"featured_media":0,"parent":4484,"menu_order":0,"comment_status":"closed","ping_status":"closed","template":"page-imprejurimi-children.php","meta":{"footnotes":""},"class_list":["post-4470","page","type-page","status-publish"],"yoast_head":"<!-- This site is optimized with the Yoast SEO plugin v26.9 - https:\/\/yoast.com\/product\/yoast-seo-wordpress\/ -->\n<title>Castles and manors - Dacica Guesthouse<\/title>\n<meta name=\"robots\" content=\"index, follow, max-snippet:-1, max-image-preview:large, max-video-preview:-1\" \/>\n<link rel=\"canonical\" href=\"https:\/\/pensiunea.dacica.ro\/en\/surroundings\/castles-and-manors\/\" \/>\n<meta property=\"og:locale\" content=\"en_US\" \/>\n<meta property=\"og:type\" content=\"article\" \/>\n<meta property=\"og:title\" content=\"Castles and manors - Dacica Guesthouse\" \/>\n<meta property=\"og:description\" content=\"[vc_row type=&#8221;full_width_background&#8221; full_screen_row_position=&#8221;middle&#8221; column_margin=&#8221;default&#8221; bg_color=&#8221;#f4f4f4&#8243; scene_position=&#8221;center&#8221; text_color=&#8221;dark&#8221; text_align=&#8221;left&#8221; overlay_strength=&#8221;0.3&#8243; shape_divider_position=&#8221;bottom&#8221; bg_image_animation=&#8221;none&#8221; shape_type=&#8221;&#8221;][vc_column column_padding=&#8221;no-extra-padding&#8221; column_padding_position=&#8221;all&#8221; background_color_opacity=&#8221;1&#8243; background_hover_color_opacity=&#8221;1&#8243; column_link_target=&#8221;_self&#8221; column_shadow=&#8221;none&#8221; column_border_radius=&#8221;none&#8221; width=&#8221;1\/1&#8243; tablet_width_inherit=&#8221;default&#8221; tablet_text_alignment=&#8221;default&#8221; phone_text_alignment=&#8221;default&#8221; overlay_strength=&#8221;0.3&#8243; column_border_width=&#8221;none&#8221; column_border_style=&#8221;solid&#8221; bg_image_animation=&#8221;none&#8221;][vc_custom_heading text=&#8221;Castles and manors&#8221;...\" \/>\n<meta property=\"og:url\" content=\"https:\/\/pensiunea.dacica.ro\/en\/surroundings\/castles-and-manors\/\" \/>\n<meta property=\"og:site_name\" content=\"Dacica Guesthouse\" \/>\n<meta property=\"article:modified_time\" content=\"2023-03-19T11:53:40+00:00\" \/>\n<meta name=\"twitter:card\" content=\"summary_large_image\" \/>\n<meta name=\"twitter:label1\" content=\"Est. reading time\" \/>\n\t<meta name=\"twitter:data1\" content=\"9 minutes\" \/>\n<script type=\"application\/ld+json\" class=\"yoast-schema-graph\">{\"@context\":\"https:\/\/schema.org\",\"@graph\":[{\"@type\":\"WebPage\",\"@id\":\"https:\/\/pensiunea.dacica.ro\/en\/surroundings\/castles-and-manors\/\",\"url\":\"https:\/\/pensiunea.dacica.ro\/en\/surroundings\/castles-and-manors\/\",\"name\":\"Castles and manors - Dacica Guesthouse\",\"isPartOf\":{\"@id\":\"https:\/\/pensiunea.dacica.ro\/en\/#website\"},\"datePublished\":\"2022-04-21T16:21:49+00:00\",\"dateModified\":\"2023-03-19T11:53:40+00:00\",\"breadcrumb\":{\"@id\":\"https:\/\/pensiunea.dacica.ro\/en\/surroundings\/castles-and-manors\/#breadcrumb\"},\"inLanguage\":\"en-US\",\"potentialAction\":[{\"@type\":\"ReadAction\",\"target\":[\"https:\/\/pensiunea.dacica.ro\/en\/surroundings\/castles-and-manors\/\"]}]},{\"@type\":\"BreadcrumbList\",\"@id\":\"https:\/\/pensiunea.dacica.ro\/en\/surroundings\/castles-and-manors\/#breadcrumb\",\"itemListElement\":[{\"@type\":\"ListItem\",\"position\":1,\"name\":\"Prima pagin\u0103\",\"item\":\"https:\/\/pensiunea.dacica.ro\/en\/\"},{\"@type\":\"ListItem\",\"position\":2,\"name\":\"Surroundings\",\"item\":\"https:\/\/pensiunea.dacica.ro\/en\/surroundings\/\"},{\"@type\":\"ListItem\",\"position\":3,\"name\":\"Castles and manors\"}]},{\"@type\":\"WebSite\",\"@id\":\"https:\/\/pensiunea.dacica.ro\/en\/#website\",\"url\":\"https:\/\/pensiunea.dacica.ro\/en\/\",\"name\":\"Dacica Guesthouse\",\"description\":\"Turism cultural \u00een zona cet\u0103\u021bilor dacice\",\"potentialAction\":[{\"@type\":\"SearchAction\",\"target\":{\"@type\":\"EntryPoint\",\"urlTemplate\":\"https:\/\/pensiunea.dacica.ro\/en\/?s={search_term_string}\"},\"query-input\":{\"@type\":\"PropertyValueSpecification\",\"valueRequired\":true,\"valueName\":\"search_term_string\"}}],\"inLanguage\":\"en-US\"}]}<\/script>\n<!-- \/ Yoast SEO plugin. -->","yoast_head_json":{"title":"Castles and manors - Dacica Guesthouse","robots":{"index":"index","follow":"follow","max-snippet":"max-snippet:-1","max-image-preview":"max-image-preview:large","max-video-preview":"max-video-preview:-1"},"canonical":"https:\/\/pensiunea.dacica.ro\/en\/surroundings\/castles-and-manors\/","og_locale":"en_US","og_type":"article","og_title":"Castles and manors - Dacica Guesthouse","og_description":"[vc_row type=&#8221;full_width_background&#8221; full_screen_row_position=&#8221;middle&#8221; column_margin=&#8221;default&#8221; bg_color=&#8221;#f4f4f4&#8243; scene_position=&#8221;center&#8221; text_color=&#8221;dark&#8221; text_align=&#8221;left&#8221; overlay_strength=&#8221;0.3&#8243; shape_divider_position=&#8221;bottom&#8221; bg_image_animation=&#8221;none&#8221; shape_type=&#8221;&#8221;][vc_column column_padding=&#8221;no-extra-padding&#8221; column_padding_position=&#8221;all&#8221; background_color_opacity=&#8221;1&#8243; background_hover_color_opacity=&#8221;1&#8243; column_link_target=&#8221;_self&#8221; column_shadow=&#8221;none&#8221; column_border_radius=&#8221;none&#8221; width=&#8221;1\/1&#8243; tablet_width_inherit=&#8221;default&#8221; tablet_text_alignment=&#8221;default&#8221; phone_text_alignment=&#8221;default&#8221; overlay_strength=&#8221;0.3&#8243; column_border_width=&#8221;none&#8221; column_border_style=&#8221;solid&#8221; bg_image_animation=&#8221;none&#8221;][vc_custom_heading text=&#8221;Castles and manors&#8221;...","og_url":"https:\/\/pensiunea.dacica.ro\/en\/surroundings\/castles-and-manors\/","og_site_name":"Dacica Guesthouse","article_modified_time":"2023-03-19T11:53:40+00:00","twitter_card":"summary_large_image","twitter_misc":{"Est. reading time":"9 minutes"},"schema":{"@context":"https:\/\/schema.org","@graph":[{"@type":"WebPage","@id":"https:\/\/pensiunea.dacica.ro\/en\/surroundings\/castles-and-manors\/","url":"https:\/\/pensiunea.dacica.ro\/en\/surroundings\/castles-and-manors\/","name":"Castles and manors - Dacica Guesthouse","isPartOf":{"@id":"https:\/\/pensiunea.dacica.ro\/en\/#website"},"datePublished":"2022-04-21T16:21:49+00:00","dateModified":"2023-03-19T11:53:40+00:00","breadcrumb":{"@id":"https:\/\/pensiunea.dacica.ro\/en\/surroundings\/castles-and-manors\/#breadcrumb"},"inLanguage":"en-US","potentialAction":[{"@type":"ReadAction","target":["https:\/\/pensiunea.dacica.ro\/en\/surroundings\/castles-and-manors\/"]}]},{"@type":"BreadcrumbList","@id":"https:\/\/pensiunea.dacica.ro\/en\/surroundings\/castles-and-manors\/#breadcrumb","itemListElement":[{"@type":"ListItem","position":1,"name":"Prima pagin\u0103","item":"https:\/\/pensiunea.dacica.ro\/en\/"},{"@type":"ListItem","position":2,"name":"Surroundings","item":"https:\/\/pensiunea.dacica.ro\/en\/surroundings\/"},{"@type":"ListItem","position":3,"name":"Castles and manors"}]},{"@type":"WebSite","@id":"https:\/\/pensiunea.dacica.ro\/en\/#website","url":"https:\/\/pensiunea.dacica.ro\/en\/","name":"Dacica Guesthouse","description":"Turism cultural \u00een zona cet\u0103\u021bilor dacice","potentialAction":[{"@type":"SearchAction","target":{"@type":"EntryPoint","urlTemplate":"https:\/\/pensiunea.dacica.ro\/en\/?s={search_term_string}"},"query-input":{"@type":"PropertyValueSpecification","valueRequired":true,"valueName":"search_term_string"}}],"inLanguage":"en-US"}]}},"_links":{"self":[{"href":"https:\/\/pensiunea.dacica.ro\/en\/wp-json\/wp\/v2\/pages\/4470","targetHints":{"allow":["GET"]}}],"collection":[{"href":"https:\/\/pensiunea.dacica.ro\/en\/wp-json\/wp\/v2\/pages"}],"about":[{"href":"https:\/\/pensiunea.dacica.ro\/en\/wp-json\/wp\/v2\/types\/page"}],"author":[{"embeddable":true,"href":"https:\/\/pensiunea.dacica.ro\/en\/wp-json\/wp\/v2\/users\/1"}],"replies":[{"embeddable":true,"href":"https:\/\/pensiunea.dacica.ro\/en\/wp-json\/wp\/v2\/comments?post=4470"}],"version-history":[{"count":0,"href":"https:\/\/pensiunea.dacica.ro\/en\/wp-json\/wp\/v2\/pages\/4470\/revisions"}],"up":[{"embeddable":true,"href":"https:\/\/pensiunea.dacica.ro\/en\/wp-json\/wp\/v2\/pages\/4484"}],"wp:attachment":[{"href":"https:\/\/pensiunea.dacica.ro\/en\/wp-json\/wp\/v2\/media?parent=4470"}],"curies":[{"name":"wp","href":"https:\/\/api.w.org\/{rel}","templated":true}]}}